{"id":1588,"date":"2025-06-01T13:36:09","date_gmt":"2025-06-01T16:36:09","guid":{"rendered":"https:\/\/homolog.feadv.com.br\/?page_id=1588"},"modified":"2025-12-07T12:24:37","modified_gmt":"2025-12-07T15:24:37","slug":"our-work","status":"publish","type":"page","link":"https:\/\/feadv.com.br\/en\/our-work\/","title":{"rendered":"Performance"},"content":{"rendered":"<div data-elementor-type=\"wp-page\" data-elementor-id=\"1588\" class=\"elementor elementor-1588\" data-elementor-post-type=\"page\">\n\t\t\t\t<div class=\"elementor-element elementor-element-69602e1 e-flex e-con-boxed e-con e-parent\" data-id=\"69602e1\" data-element_type=\"container\" data-e-type=\"container\" data-settings=\"{&quot;background_background&quot;:&quot;gradient&quot;}\">\n\t\t\t\t\t<div class=\"e-con-inner\">\n\t\t\t\t\t<\/div>\n\t\t\t\t<\/div>\n\t\t<div class=\"elementor-element elementor-element-44b9361 e-flex e-con-boxed elementor-invisible e-con e-parent\" data-id=\"44b9361\" data-element_type=\"container\" data-e-type=\"container\" data-settings=\"{&quot;background_background&quot;:&quot;classic&quot;,&quot;animation&quot;:&quot;fadeInUp&quot;}\">\n\t\t\t\t\t<div class=\"e-con-inner\">\n\t\t<div class=\"elementor-element elementor-element-ddfa53e e-con-full e-flex e-con e-child\" data-id=\"ddfa53e\" data-element_type=\"container\" data-e-type=\"container\" data-settings=\"{&quot;background_background&quot;:&quot;classic&quot;}\">\n\t\t\t\t<div class=\"elementor-element elementor-element-3ccfa24 elementor-widget elementor-widget-heading\" data-id=\"3ccfa24\" data-element_type=\"widget\" data-e-type=\"widget\" data-widget_type=\"heading.default\">\n\t\t\t\t\t<h1 class=\"elementor-heading-title elementor-size-default\">Performance<\/h1>\t\t\t\t<\/div>\n\t\t\t\t<div class=\"elementor-element elementor-element-06fd620 elementor-widget elementor-widget-heading\" data-id=\"06fd620\" data-element_type=\"widget\" data-e-type=\"widget\" data-widget_type=\"heading.default\">\n\t\t\t\t\t<h2 class=\"elementor-heading-title elementor-size-default\">With a multidisciplinary approach, we operate in different areas of business law.<\/h2>\t\t\t\t<\/div>\n\t\t\t\t<\/div>\n\t\t<div class=\"elementor-element elementor-element-73e9984 e-con-full e-flex e-con e-child\" data-id=\"73e9984\" data-element_type=\"container\" data-e-type=\"container\" data-settings=\"{&quot;background_background&quot;:&quot;classic&quot;}\">\n\t\t\t\t<div class=\"elementor-element elementor-element-c5df231 elementor-widget elementor-widget-html\" data-id=\"c5df231\" data-element_type=\"widget\" data-e-type=\"widget\" data-widget_type=\"html.default\">\n\t\t\t\t\t<input type=\"text\" id=\"filtro-atuacao\" placeholder=\"Search for an area of activity...\" style=\"width: 100%; padding: 15px; border: none; border-bottom: 1px solid #000;\">\t\t\t\t<\/div>\n\t\t\t\t<div class=\"elementor-element elementor-element-e4c2f8d elementor-grid-1 elementor-posts--thumbnail-none elementor-grid-tablet-2 elementor-grid-mobile-1 elementor-widget elementor-widget-posts\" data-id=\"e4c2f8d\" data-element_type=\"widget\" data-e-type=\"widget\" id=\"lista-area-atuacao\" data-settings=\"{&quot;classic_columns&quot;:&quot;1&quot;,&quot;classic_columns_tablet&quot;:&quot;2&quot;,&quot;classic_columns_mobile&quot;:&quot;1&quot;,&quot;classic_row_gap&quot;:{&quot;unit&quot;:&quot;px&quot;,&quot;size&quot;:35,&quot;sizes&quot;:[]},&quot;classic_row_gap_tablet&quot;:{&quot;unit&quot;:&quot;px&quot;,&quot;size&quot;:&quot;&quot;,&quot;sizes&quot;:[]},&quot;classic_row_gap_mobile&quot;:{&quot;unit&quot;:&quot;px&quot;,&quot;size&quot;:&quot;&quot;,&quot;sizes&quot;:[]}}\" data-widget_type=\"posts.classic\">\n\t\t\t\t<div class=\"elementor-widget-container\">\n\t\t\t\t\t\t\t<div class=\"elementor-posts-container elementor-posts elementor-posts--skin-classic elementor-grid\" role=\"list\">\n\t\t\t\t<article class=\"elementor-post elementor-grid-item post-2121 nossa-atuacao type-nossa-atuacao status-publish has-post-thumbnail hentry\" role=\"listitem\">\n\t\t\t\t<div class=\"elementor-post__text\">\n\t\t\t\t<h3 class=\"elementor-post__title\">\n\t\t\t<a href=\"https:\/\/feadv.com.br\/en\/our-work\/litigation-and-conflict-resolution\/\" >\n\t\t\t\tLitigation and Conflict Resolution\t\t\t<\/a>\n\t\t<\/h3>\n\t\t\t\t<div class=\"elementor-post__excerpt\">\n\t\t\t<p>In the world of litigation and conflict resolution, two elements are fundamental for the\t\t<\/div>\n\t\t\t\t<\/div>\n\t\t\t\t<\/article>\n\t\t\t\t<article class=\"elementor-post elementor-grid-item post-2932 nossa-atuacao type-nossa-atuacao status-publish has-post-thumbnail hentry\" role=\"listitem\">\n\t\t\t\t<div class=\"elementor-post__text\">\n\t\t\t\t<h3 class=\"elementor-post__title\">\n\t\t\t<a href=\"https:\/\/feadv.com.br\/en\/our-work\/administrative-and-regulatory-law\/\" >\n\t\t\t\tAdministrative and Regulatory Law\t\t\t<\/a>\n\t\t<\/h3>\n\t\t\t\t<div class=\"elementor-post__excerpt\">\n\t\t\t<p>In the field of Administrative and Regulatory Law, we work comprehensively, offering solutions in both the\t\t<\/div>\n\t\t\t\t<\/div>\n\t\t\t\t<\/article>\n\t\t\t\t<article class=\"elementor-post elementor-grid-item post-2899 nossa-atuacao type-nossa-atuacao status-publish has-post-thumbnail hentry\" role=\"listitem\">\n\t\t\t\t<div class=\"elementor-post__text\">\n\t\t\t\t<h3 class=\"elementor-post__title\">\n\t\t\t<a href=\"https:\/\/feadv.com.br\/en\/our-work\/civil-and-business-law\/\" >\n\t\t\t\tCivil and Business Law\t\t\t<\/a>\n\t\t<\/h3>\n\t\t\t\t<div class=\"elementor-post__excerpt\">\n\t\t\t<p>With in-depth commercial and business expertise, we offer complete support in contractual matters, guaranteeing security and\t\t<\/div>\n\t\t\t\t<\/div>\n\t\t\t\t<\/article>\n\t\t\t\t<article class=\"elementor-post elementor-grid-item post-2904 nossa-atuacao type-nossa-atuacao status-publish has-post-thumbnail hentry\" role=\"listitem\">\n\t\t\t\t<div class=\"elementor-post__text\">\n\t\t\t\t<h3 class=\"elementor-post__title\">\n\t\t\t<a href=\"https:\/\/feadv.com.br\/en\/our-work\/competition-law\/\" >\n\t\t\t\tCompetition Law\t\t\t<\/a>\n\t\t<\/h3>\n\t\t\t\t<div class=\"elementor-post__excerpt\">\n\t\t\t<p>We offer consultancy and litigation solutions on competition law issues. Our experience in this sector guarantees\t\t<\/div>\n\t\t\t\t<\/div>\n\t\t\t\t<\/article>\n\t\t\t\t<article class=\"elementor-post elementor-grid-item post-2935 nossa-atuacao type-nossa-atuacao status-publish has-post-thumbnail hentry\" role=\"listitem\">\n\t\t\t\t<div class=\"elementor-post__text\">\n\t\t\t\t<h3 class=\"elementor-post__title\">\n\t\t\t<a href=\"https:\/\/feadv.com.br\/en\/our-work\/consumer-law\/\" >\n\t\t\t\tConsumer law\t\t\t<\/a>\n\t\t<\/h3>\n\t\t\t\t<div class=\"elementor-post__excerpt\">\n\t\t\t<p>In today's legal landscape, consumer relations have become a fundamental pillar of the economy.\t\t<\/div>\n\t\t\t\t<\/div>\n\t\t\t\t<\/article>\n\t\t\t\t<article class=\"elementor-post elementor-grid-item post-2907 nossa-atuacao type-nossa-atuacao status-publish has-post-thumbnail hentry\" role=\"listitem\">\n\t\t\t\t<div class=\"elementor-post__text\">\n\t\t\t\t<h3 class=\"elementor-post__title\">\n\t\t\t<a href=\"https:\/\/feadv.com.br\/en\/our-work\/health-law\/\" >\n\t\t\t\tHealth Law\t\t\t<\/a>\n\t\t<\/h3>\n\t\t\t\t<div class=\"elementor-post__excerpt\">\n\t\t\t<p>With nationally and internationally recognized expertise in health law, we work with\t\t<\/div>\n\t\t\t\t<\/div>\n\t\t\t\t<\/article>\n\t\t\t\t<article class=\"elementor-post elementor-grid-item post-2938 nossa-atuacao type-nossa-atuacao status-publish has-post-thumbnail hentry\" role=\"listitem\">\n\t\t\t\t<div class=\"elementor-post__text\">\n\t\t\t\t<h3 class=\"elementor-post__title\">\n\t\t\t<a href=\"https:\/\/feadv.com.br\/en\/our-work\/intellectual-property\/\" >\n\t\t\t\tIntellectual Property\t\t\t<\/a>\n\t\t<\/h3>\n\t\t\t\t<div class=\"elementor-post__excerpt\">\n\t\t\t<p>Intellectual property is one of the most valuable and strategic assets in the contemporary world. A\t\t<\/div>\n\t\t\t\t<\/div>\n\t\t\t\t<\/article>\n\t\t\t\t<article class=\"elementor-post elementor-grid-item post-2941 nossa-atuacao type-nossa-atuacao status-publish has-post-thumbnail hentry\" role=\"listitem\">\n\t\t\t\t<div class=\"elementor-post__text\">\n\t\t\t\t<h3 class=\"elementor-post__title\">\n\t\t\t<a href=\"https:\/\/feadv.com.br\/en\/our-work\/credit-recovery\/\" >\n\t\t\t\tCredit Recovery\t\t\t<\/a>\n\t\t<\/h3>\n\t\t\t\t<div class=\"elementor-post__excerpt\">\n\t\t\t<p>We assist our clients in bankruptcy, judicial and extrajudicial reorganization proceedings, as well as in<\/p>\t\t<\/div>\n\t\t\t\t<\/div>\n\t\t\t\t<\/article>\n\t\t\t\t<\/div>\n\t\t\n\t\t\t\t\t\t<\/div>\n\t\t\t\t<\/div>\n\t\t\t\t<div class=\"elementor-element elementor-element-d3485ec elementor-widget elementor-widget-html\" data-id=\"d3485ec\" data-element_type=\"widget\" data-e-type=\"widget\" data-widget_type=\"html.default\">\n\t\t\t\t\t<script>\r\njQuery(document).ready(function(){\r\n    jQuery('#filtro-atuacao').on('keyup', function() {\r\n        var valor = jQuery(this).val().toLowerCase();\r\n        \r\n        jQuery('#lista-area-atuacao .elementor-post').filter(function() {\r\n            jQuery(this).toggle(jQuery(this).text().toLowerCase().indexOf(valor) > -1)\r\n        });\r\n    });\r\n});\r\n<\/script>\t\t\t\t<\/div>\n\t\t\t\t<\/div>\n\t\t<div class=\"elementor-element elementor-element-9fd071e e-con-full e-flex e-con e-child\" data-id=\"9fd071e\" data-element_type=\"container\" data-e-type=\"container\" data-settings=\"{&quot;background_background&quot;:&quot;classic&quot;}\">\n\t\t\t\t<div class=\"elementor-element elementor-element-b24d57b elementor-align-justify elementor-widget elementor-widget-button\" data-id=\"b24d57b\" data-element_type=\"widget\" data-e-type=\"widget\" data-widget_type=\"button.default\">\n\t\t\t\t\t\t\t\t\t\t<a class=\"elementor-button elementor-button-link elementor-size-sm\" href=\"https:\/\/feadv.com.br\/en\/about-us\/\">\n\t\t\t\t\t\t<span class=\"elementor-button-content-wrapper\">\n\t\t\t\t\t\t\t\t\t<span class=\"elementor-button-text\">Check out our story<\/span>\n\t\t\t\t\t<\/span>\n\t\t\t\t\t<\/a>\n\t\t\t\t\t\t\t\t<\/div>\n\t\t\t\t<\/div>\n\t\t\t\t\t<\/div>\n\t\t\t\t<\/div>\n\t\t\t\t<\/div>","protected":false},"excerpt":{"rendered":"<p>Com atua\u00e7\u00e3o multidisciplinar, operamos em diferentes \u00e1reas do Direito Empresarial. Confira nossa hist\u00f3ria<\/p>","protected":false},"author":1,"featured_media":0,"parent":0,"menu_order":0,"comment_status":"closed","ping_status":"closed","template":"elementor_header_footer","meta":{"footnotes":""},"class_list":["post-1588","page","type-page","status-publish","hentry"],"yoast_head":"<!-- This site is optimized with the Yoast SEO plugin v27.2 - https:\/\/yoast.com\/product\/yoast-seo-wordpress\/ -->\n<title>Atua\u00e7\u00e3o - Fialdini Einsfeld Advogados<\/title>\n<meta name=\"description\" content=\"Atuamos de forma multidisciplinar em Direito Empresarial, com expertise em contencioso, regulat\u00f3rio, civil, concorrencial, consumidor, sanit\u00e1rio e PI.\" \/>\n<meta name=\"robots\" content=\"index, follow, max-snippet:-1, max-image-preview:large, max-video-preview:-1\" \/>\n<link rel=\"canonical\" href=\"https:\/\/feadv.com.br\/en\/our-work\/\" \/>\n<meta property=\"og:locale\" content=\"en_US\" \/>\n<meta property=\"og:type\" content=\"article\" \/>\n<meta property=\"og:title\" content=\"Atua\u00e7\u00e3o - Fialdini Einsfeld Advogados\" \/>\n<meta property=\"og:description\" content=\"Atuamos de forma multidisciplinar em Direito Empresarial, com expertise em contencioso, regulat\u00f3rio, civil, concorrencial, consumidor, sanit\u00e1rio e PI.\" \/>\n<meta property=\"og:url\" content=\"https:\/\/feadv.com.br\/en\/our-work\/\" \/>\n<meta property=\"og:site_name\" content=\"Fialdini Einsfeld Advogados\" \/>\n<meta property=\"article:modified_time\" content=\"2025-12-07T15:24:37+00:00\" \/>\n<meta name=\"twitter:card\" content=\"summary_large_image\" \/>\n<meta name=\"twitter:label1\" content=\"Est. reading time\" \/>\n\t<meta name=\"twitter:data1\" content=\"3 minutes\" \/>\n<script type=\"application\/ld+json\" class=\"yoast-schema-graph\">{\"@context\":\"https:\/\/schema.org\",\"@graph\":[{\"@type\":\"WebPage\",\"@id\":\"https:\/\/feadv.com.br\/nossa-atuacao\/\",\"url\":\"https:\/\/feadv.com.br\/nossa-atuacao\/\",\"name\":\"Atua\u00e7\u00e3o - Fialdini Einsfeld Advogados\",\"isPartOf\":{\"@id\":\"https:\/\/feadv.com.br\/#website\"},\"datePublished\":\"2025-06-01T16:36:09+00:00\",\"dateModified\":\"2025-12-07T15:24:37+00:00\",\"description\":\"Atuamos de forma multidisciplinar em Direito Empresarial, com expertise em contencioso, regulat\u00f3rio, civil, concorrencial, consumidor, sanit\u00e1rio e PI.\",\"breadcrumb\":{\"@id\":\"https:\/\/feadv.com.br\/nossa-atuacao\/#breadcrumb\"},\"inLanguage\":\"en-US\",\"potentialAction\":[{\"@type\":\"ReadAction\",\"target\":[\"https:\/\/feadv.com.br\/nossa-atuacao\/\"]}]},{\"@type\":\"BreadcrumbList\",\"@id\":\"https:\/\/feadv.com.br\/nossa-atuacao\/#breadcrumb\",\"itemListElement\":[{\"@type\":\"ListItem\",\"position\":1,\"name\":\"In\u00edcio\",\"item\":\"https:\/\/feadv.com.br\/\"},{\"@type\":\"ListItem\",\"position\":2,\"name\":\"Atua\u00e7\u00e3o\"}]},{\"@type\":\"WebSite\",\"@id\":\"https:\/\/feadv.com.br\/#website\",\"url\":\"https:\/\/feadv.com.br\/\",\"name\":\"Fialdini Einsfeld Advogados\",\"description\":\"\",\"publisher\":{\"@id\":\"https:\/\/feadv.com.br\/#organization\"},\"potentialAction\":[{\"@type\":\"SearchAction\",\"target\":{\"@type\":\"EntryPoint\",\"urlTemplate\":\"https:\/\/feadv.com.br\/?s={search_term_string}\"},\"query-input\":{\"@type\":\"PropertyValueSpecification\",\"valueRequired\":true,\"valueName\":\"search_term_string\"}}],\"inLanguage\":\"en-US\"},{\"@type\":\"Organization\",\"@id\":\"https:\/\/feadv.com.br\/#organization\",\"name\":\"Fialdini Einsfeld Advogados\",\"url\":\"https:\/\/feadv.com.br\/\",\"logo\":{\"@type\":\"ImageObject\",\"inLanguage\":\"en-US\",\"@id\":\"https:\/\/feadv.com.br\/#\/schema\/logo\/image\/\",\"url\":\"https:\/\/feadv.com.br\/wp-content\/uploads\/2025\/05\/logo-blue.png\",\"contentUrl\":\"https:\/\/feadv.com.br\/wp-content\/uploads\/2025\/05\/logo-blue.png\",\"width\":293,\"height\":165,\"caption\":\"Fialdini Einsfeld Advogados\"},\"image\":{\"@id\":\"https:\/\/feadv.com.br\/#\/schema\/logo\/image\/\"}}]}<\/script>\n<!-- \/ Yoast SEO plugin. -->","yoast_head_json":{"title":"Practice - Fialdini Einsfeld Advogados","description":"We work in a multidisciplinary way in Business Law, with expertise in litigation, regulatory, civil, competition, consumer, health and IP.","robots":{"index":"index","follow":"follow","max-snippet":"max-snippet:-1","max-image-preview":"max-image-preview:large","max-video-preview":"max-video-preview:-1"},"canonical":"https:\/\/feadv.com.br\/en\/our-work\/","og_locale":"en_US","og_type":"article","og_title":"Atua\u00e7\u00e3o - Fialdini Einsfeld Advogados","og_description":"Atuamos de forma multidisciplinar em Direito Empresarial, com expertise em contencioso, regulat\u00f3rio, civil, concorrencial, consumidor, sanit\u00e1rio e PI.","og_url":"https:\/\/feadv.com.br\/en\/our-work\/","og_site_name":"Fialdini Einsfeld Advogados","article_modified_time":"2025-12-07T15:24:37+00:00","twitter_card":"summary_large_image","twitter_misc":{"Est. reading time":"3 minutes"},"schema":{"@context":"https:\/\/schema.org","@graph":[{"@type":"WebPage","@id":"https:\/\/feadv.com.br\/nossa-atuacao\/","url":"https:\/\/feadv.com.br\/nossa-atuacao\/","name":"Practice - Fialdini Einsfeld Advogados","isPartOf":{"@id":"https:\/\/feadv.com.br\/#website"},"datePublished":"2025-06-01T16:36:09+00:00","dateModified":"2025-12-07T15:24:37+00:00","description":"We work in a multidisciplinary way in Business Law, with expertise in litigation, regulatory, civil, competition, consumer, health and IP.","breadcrumb":{"@id":"https:\/\/feadv.com.br\/nossa-atuacao\/#breadcrumb"},"inLanguage":"en-US","potentialAction":[{"@type":"ReadAction","target":["https:\/\/feadv.com.br\/nossa-atuacao\/"]}]},{"@type":"BreadcrumbList","@id":"https:\/\/feadv.com.br\/nossa-atuacao\/#breadcrumb","itemListElement":[{"@type":"ListItem","position":1,"name":"In\u00edcio","item":"https:\/\/feadv.com.br\/"},{"@type":"ListItem","position":2,"name":"Atua\u00e7\u00e3o"}]},{"@type":"WebSite","@id":"https:\/\/feadv.com.br\/#website","url":"https:\/\/feadv.com.br\/","name":"Fialdini Einsfeld Lawyers","description":"","publisher":{"@id":"https:\/\/feadv.com.br\/#organization"},"potentialAction":[{"@type":"SearchAction","target":{"@type":"EntryPoint","urlTemplate":"https:\/\/feadv.com.br\/?s={search_term_string}"},"query-input":{"@type":"PropertyValueSpecification","valueRequired":true,"valueName":"search_term_string"}}],"inLanguage":"en-US"},{"@type":"Organization","@id":"https:\/\/feadv.com.br\/#organization","name":"Fialdini Einsfeld Lawyers","url":"https:\/\/feadv.com.br\/","logo":{"@type":"ImageObject","inLanguage":"en-US","@id":"https:\/\/feadv.com.br\/#\/schema\/logo\/image\/","url":"https:\/\/feadv.com.br\/wp-content\/uploads\/2025\/05\/logo-blue.png","contentUrl":"https:\/\/feadv.com.br\/wp-content\/uploads\/2025\/05\/logo-blue.png","width":293,"height":165,"caption":"Fialdini Einsfeld Advogados"},"image":{"@id":"https:\/\/feadv.com.br\/#\/schema\/logo\/image\/"}}]}},"_links":{"self":[{"href":"https:\/\/feadv.com.br\/en\/wp-json\/wp\/v2\/pages\/1588","targetHints":{"allow":["GET"]}}],"collection":[{"href":"https:\/\/feadv.com.br\/en\/wp-json\/wp\/v2\/pages"}],"about":[{"href":"https:\/\/feadv.com.br\/en\/wp-json\/wp\/v2\/types\/page"}],"author":[{"embeddable":true,"href":"https:\/\/feadv.com.br\/en\/wp-json\/wp\/v2\/users\/1"}],"replies":[{"embeddable":true,"href":"https:\/\/feadv.com.br\/en\/wp-json\/wp\/v2\/comments?post=1588"}],"version-history":[{"count":180,"href":"https:\/\/feadv.com.br\/en\/wp-json\/wp\/v2\/pages\/1588\/revisions"}],"predecessor-version":[{"id":4515,"href":"https:\/\/feadv.com.br\/en\/wp-json\/wp\/v2\/pages\/1588\/revisions\/4515"}],"wp:attachment":[{"href":"https:\/\/feadv.com.br\/en\/wp-json\/wp\/v2\/media?parent=1588"}],"curies":[{"name":"wp","href":"https:\/\/api.w.org\/{rel}","templated":true}]}}